{"id":15284,"date":"2014-05-05T11:29:07","date_gmt":"2014-05-05T11:29:07","guid":{"rendered":"http:\/\/demo.qodeinteractive.com\/bridge3\/?page_id=15284"},"modified":"2023-05-15T11:16:31","modified_gmt":"2023-05-15T08:16:31","slug":"tietoa_fjce","status":"publish","type":"page","link":"https:\/\/www.fjce.fi\/ja\/tietoa_fjce\/","title":{"rendered":"FJCE\u306b\u3064\u3044\u3066"},"content":{"rendered":"<div class=\"wpb-content-wrapper\"><div   data-q_id=\"#portfolio\"    class=\"vc_row wpb_row section vc_row-fluid  grid_section\" style='background-color:#ffffff; border-bottom: 1px solid #eeeeee; padding-top:82px; padding-bottom:0px; text-align:left;'><div class=\"section_inner clearfix\"><div class='section_inner_margin clearfix'><div class=\"wpb_column vc_column_container vc_col-sm-12\"><div class=\"vc_column-inner\"><div class=\"wpb_wrapper\">\n\t<div class=\"wpb_text_column wpb_content_element\">\n\t\t<div class=\"wpb_wrapper\">\n\t\t\t<h2 style=\"text-align: center;\">\u30d5\u30a3\u30f3\u30e9\u30f3\u30c9\u65e5\u672c\u6587\u5316\u6559\u80b2\u5354\u4f1a<\/h2>\n<h2 style=\"text-align: center;\">FJCE<\/h2>\n\n\t\t<\/div> \n\t<\/div> <div class=\"separator  small center\" style=\"margin-top: 20px;margin-bottom: 80px;background-color: #818181;\"><\/div>\n<div      class=\"vc_row wpb_row section vc_row-fluid vc_inner\" style=' text-align:left;'><div class=\"full_section_inner clearfix\"><div class=\"wpb_column vc_column_container vc_col-sm-12\"><div class=\"vc_column-inner\"><div class=\"wpb_wrapper\">\n\t<div class=\"wpb_text_column wpb_content_element\">\n\t\t<div class=\"wpb_wrapper\">\n\t\t\t<p>\u5f53\u5354\u4f1a\u306f2012\u5e7410\u670829\u65e5\u306b\u8a2d\u7acb\u3055\u308c\u307e\u3057\u305f\u3002 \u5354\u4f1a\u306e\u6b63\u5f0f\u306a\u767b\u9332\u540d\u306f\u30d5\u30a3\u30f3\u30e9\u30f3\u30c9\u65e5\u672c\u6559\u80b2\u30bb\u30f3\u30bf\u30fc\u3067\u3059\u3002 \u5354\u4f1a\u306f\u7565\u8a9eFJCE\u3092\u4f7f\u7528\u3057\u3066\u3044\u307e\u3059\u3002<\/p>\n\n\t\t<\/div> \n\t<\/div> <div class=\"separator  transparent\" style=\"margin-top: 111px;margin-bottom: 0px;\"><\/div>\n<\/div><\/div><\/div><\/div><\/div><\/div><\/div><\/div><\/div><\/div><\/div><div   data-q_id=\"#portfolio\"    class=\"vc_row wpb_row section vc_row-fluid  grid_section\" style='background-color:#f8f8f8; border-bottom: 1px solid #eeeeee; padding-top:75px; padding-bottom:0px; text-align:left;'><div class=\"section_inner clearfix\"><div class='section_inner_margin clearfix'><div class=\"wpb_column vc_column_container vc_col-sm-12\"><div class=\"vc_column-inner\"><div class=\"wpb_wrapper\">\n\t<div class=\"wpb_text_column wpb_content_element\">\n\t\t<div class=\"wpb_wrapper\">\n\t\t\t<h2 style=\"text-align: center;\">FJCE\u7406\u4e8b\u4f1a<\/h2>\n\n\t\t<\/div> \n\t<\/div> <div class=\"separator  small center\" style=\"margin-top: 20px;margin-bottom: 65px;background-color: #818181;\"><\/div>\n<div      class=\"vc_row wpb_row section vc_row-fluid vc_inner\" style=' text-align:left;'><div class=\"full_section_inner clearfix\"><div class=\"wpb_column vc_column_container vc_col-sm-3\"><div class=\"vc_column-inner\"><div class=\"wpb_wrapper\">\n\t<div class=\"wpb_single_image wpb_content_element vc_align_center\">\n\t\t<div class=\"wpb_wrapper\">\n\t\t\t\n\t\t\t<div class=\"vc_single_image-wrapper   vc_box_border_grey\"><img loading=\"lazy\" decoding=\"async\" width=\"200\" height=\"200\" src=\"https:\/\/www.fjce.fi\/wp-content\/uploads\/2022\/07\/heikkimakipaa.jpg\" class=\"vc_single_image-img attachment-full\" alt=\"\" title=\"heikkimakipaa\" srcset=\"https:\/\/www.fjce.fi\/wp-content\/uploads\/2022\/07\/heikkimakipaa.jpg 200w, https:\/\/www.fjce.fi\/wp-content\/uploads\/2022\/07\/heikkimakipaa-150x150.jpg 150w, https:\/\/www.fjce.fi\/wp-content\/uploads\/2022\/07\/heikkimakipaa-12x12.jpg 12w\" sizes=\"(max-width: 200px) 100vw, 200px\" \/><\/div>\n\t\t<\/div>\n\t<\/div>\n<div class=\"separator  transparent\" style=\"\"><\/div>\n\n\t<div class=\"wpb_text_column wpb_content_element\">\n\t\t<div class=\"wpb_wrapper\">\n\t\t\t<h5 style=\"text-align: center;\">Heikki M\u00e4kip\u00e4\u00e4<\/h5>\n<p style=\"text-align: center;\">\u3078\u30a4\u30c3\u30ad \u3000\u30de\u30ad\u30d1\u30fc<\/p>\n<p style=\"text-align: center;\">\u7406\u4e8b\u9577<\/p>\n<p style=\"text-align: center;\">heikki.makipaa(at)fjce.fi<\/p>\n<p style=\"text-align: center;\">+358 44 9941 423<\/p>\n\n\t\t<\/div> \n\t<\/div> \t<div class=\"vc_empty_space\"  style=\"height: 32px\" ><span\n\t\t\tclass=\"vc_empty_space_inner\">\n\t\t\t<span class=\"empty_space_image\"  ><\/span>\n\t\t<\/span><\/div>\n\n<\/div><\/div><\/div><div class=\"wpb_column vc_column_container vc_col-sm-3\"><div class=\"vc_column-inner\"><div class=\"wpb_wrapper\">\n\t<div class=\"wpb_single_image wpb_content_element vc_align_center\">\n\t\t<div class=\"wpb_wrapper\">\n\t\t\t\n\t\t\t<div class=\"vc_single_image-wrapper   vc_box_border_grey\"><img loading=\"lazy\" decoding=\"async\" width=\"200\" height=\"200\" src=\"https:\/\/www.fjce.fi\/wp-content\/uploads\/2022\/07\/jpmakipaa.jpg\" class=\"vc_single_image-img attachment-full\" alt=\"\" title=\"jpmakipaa\" srcset=\"https:\/\/www.fjce.fi\/wp-content\/uploads\/2022\/07\/jpmakipaa.jpg 200w, https:\/\/www.fjce.fi\/wp-content\/uploads\/2022\/07\/jpmakipaa-150x150.jpg 150w, https:\/\/www.fjce.fi\/wp-content\/uploads\/2022\/07\/jpmakipaa-12x12.jpg 12w\" sizes=\"(max-width: 200px) 100vw, 200px\" \/><\/div>\n\t\t<\/div>\n\t<\/div>\n<div class=\"separator  transparent\" style=\"\"><\/div>\n\n\t<div class=\"wpb_text_column wpb_content_element\">\n\t\t<div class=\"wpb_wrapper\">\n\t\t\t<h5 style=\"text-align: center;\">JUHO-PEKKA M\u00c4KIP\u00c4\u00c4<\/h5>\n<p style=\"text-align: center;\">\u30e6\u30db\u30da\u30c3\u30ab \u3000\u30de\u30ad\u30d1\u30fc<\/p>\n<p style=\"text-align: center;\">\u4e8b\u52d9\u5c40\u9577<\/p>\n<p style=\"text-align: center;\">juho-pekka.makipaa(at)fjce.fi<\/p>\n<p style=\"text-align: center;\">+358 44 2704 912<\/p>\n\n\t\t<\/div> \n\t<\/div> \t<div class=\"vc_empty_space\"  style=\"height: 32px\" ><span\n\t\t\tclass=\"vc_empty_space_inner\">\n\t\t\t<span class=\"empty_space_image\"  ><\/span>\n\t\t<\/span><\/div>\n\n<\/div><\/div><\/div><div class=\"wpb_column vc_column_container vc_col-sm-3\"><div class=\"vc_column-inner\"><div class=\"wpb_wrapper\">\n\t<div class=\"wpb_text_column wpb_content_element\">\n\t\t<div class=\"wpb_wrapper\">\n\t\t\t<h5 style=\"text-align: center;\">TIMO VARHAMA<\/h5>\n<p style=\"text-align: center;\">\u30c6\u30a3\u30e2\u3000\u30f4\u30a1\u30eb\u30cf\u30de<\/p>\n<p style=\"text-align: center;\">\u30b7\u30cb\u30a2\u3000\u30a2\u30c9\u30d0\u30a4\u30b6\u30fc<\/p>\n<p style=\"text-align: center;\"><span class=\"org\">Japan Market Entry Competition<\/span>,\u00a0Visionhunters Oy Ltd, UPM Japan KK<\/p>\n\n\t\t<\/div> \n\t<\/div> \t<div class=\"vc_empty_space\"  style=\"height: 32px\" ><span\n\t\t\tclass=\"vc_empty_space_inner\">\n\t\t\t<span class=\"empty_space_image\"  ><\/span>\n\t\t<\/span><\/div>\n\n<\/div><\/div><\/div><div class=\"wpb_column vc_column_container vc_col-sm-3\"><div class=\"vc_column-inner\"><div class=\"wpb_wrapper\">\n\t<div class=\"wpb_text_column wpb_content_element\">\n\t\t<div class=\"wpb_wrapper\">\n\t\t\t<h5 style=\"text-align: center;\">NOBUKO M\u00c4KIP\u00c4\u00c4<\/h5>\n<p style=\"text-align: center;\">\u5ef6\u5b50\u3000\u30de\u30ad\u30d1\u30fc<\/p>\n<p style=\"text-align: center;\">\u30b7\u30cb\u30a2\u3000\u30a2\u30c9\u30d0\u30a4\u30b6\u30fc<\/p>\n\n\t\t<\/div> \n\t<\/div> \t<div class=\"vc_empty_space\"  style=\"height: 32px\" ><span\n\t\t\tclass=\"vc_empty_space_inner\">\n\t\t\t<span class=\"empty_space_image\"  ><\/span>\n\t\t<\/span><\/div>\n\n<\/div><\/div><\/div><\/div><\/div><div class=\"separator  transparent\" style=\"margin-top: 20px;margin-bottom: 65px;\"><\/div>\n<\/div><\/div><\/div><\/div><\/div><\/div><div      class=\"vc_row wpb_row section vc_row-fluid\" style=' text-align:left;'><div class=\"full_section_inner clearfix\"><div class=\"wpb_column vc_column_container vc_col-sm-12\"><div class=\"vc_column-inner\"><div class=\"wpb_wrapper\"><div class=\"separator  transparent\" style=\"\"><\/div>\n<\/div><\/div><\/div><\/div><\/div><div      class=\"vc_row wpb_row section vc_row-fluid\" style=' text-align:left;'><div class=\"full_section_inner clearfix\"><div class=\"wpb_column vc_column_container vc_col-sm-12\"><div class=\"vc_column-inner\"><div class=\"wpb_wrapper\"><\/div><\/div><\/div><\/div><\/div>\n<\/div>","protected":false},"excerpt":{"rendered":"Finland Japan Culture and Education ry FJCE Yhdistys on perustettu 29.10.2012. Yhdistyksen virallinen rekisterinimi on Finland Japan Center for Education ry.\u00a0 Yhdistys k\u00e4ytt\u00e4\u00e4 lyhennett\u00e4 FJCE. FJCE:n hallitus Heikki M\u00e4kip\u00e4\u00e4 \u3078\u30a4\u30c3\u30ad \u3000\u30de\u30ad\u30d1\u30fc Puheenjohtaja heikki.makipaa(at)fjce.fi +358 44 9941 423 JUHO-PEKKA M\u00c4KIP\u00c4\u00c4 \u30e6\u30db\u30da\u30c3\u30ab \u3000\u30de\u30ad\u30d1\u30fc Toiminnanjohtaja juho-pekka.makipaa(at)fjce.fi +358 44...","protected":false},"author":1,"featured_media":0,"parent":0,"menu_order":0,"comment_status":"open","ping_status":"open","template":"full_width.php","meta":{"footnotes":""},"_links":{"self":[{"href":"https:\/\/www.fjce.fi\/ja\/wp-json\/wp\/v2\/pages\/15284"}],"collection":[{"href":"https:\/\/www.fjce.fi\/ja\/wp-json\/wp\/v2\/pages"}],"about":[{"href":"https:\/\/www.fjce.fi\/ja\/wp-json\/wp\/v2\/types\/page"}],"author":[{"embeddable":true,"href":"https:\/\/www.fjce.fi\/ja\/wp-json\/wp\/v2\/users\/1"}],"replies":[{"embeddable":true,"href":"https:\/\/www.fjce.fi\/ja\/wp-json\/wp\/v2\/comments?post=15284"}],"version-history":[{"count":72,"href":"https:\/\/www.fjce.fi\/ja\/wp-json\/wp\/v2\/pages\/15284\/revisions"}],"predecessor-version":[{"id":16955,"href":"https:\/\/www.fjce.fi\/ja\/wp-json\/wp\/v2\/pages\/15284\/revisions\/16955"}],"wp:attachment":[{"href":"https:\/\/www.fjce.fi\/ja\/wp-json\/wp\/v2\/media?parent=15284"}],"curies":[{"name":"wp","href":"https:\/\/api.w.org\/{rel}","templated":true}]}}