{"id":16425,"date":"2016-06-19T01:06:11","date_gmt":"2016-06-18T22:06:11","guid":{"rendered":"http:\/\/www.fjce.fi\/?page_id=16425"},"modified":"2018-02-19T20:10:07","modified_gmt":"2018-02-19T18:10:07","slug":"siltajapaniin","status":"publish","type":"page","link":"https:\/\/www.fjce.fi\/ja\/siltajapaniin\/","title":{"rendered":"Silta Japaniin &#8211; hanke"},"content":{"rendered":"<div class=\"wpb-content-wrapper\"><div      class=\"vc_row wpb_row section vc_row-fluid  full_screen_section\" style=' text-align:left;'><div class=\"full_section_inner clearfix\"><div class=\"wpb_column vc_column_container vc_col-sm-12\"><div class=\"vc_column-inner\"><div class=\"wpb_wrapper\">\n\t<div class=\"wpb_single_image wpb_content_element vc_align_left\">\n\t\t<div class=\"wpb_wrapper\">\n\t\t\t\n\t\t\t<div class=\"vc_single_image-wrapper   vc_box_border_grey\"><img loading=\"lazy\" decoding=\"async\" width=\"1100\" height=\"420\" src=\"https:\/\/www.fjce.fi\/wp-content\/uploads\/2016\/06\/IMG_0356-e1467395601515.jpg\" class=\"vc_single_image-img attachment-full\" alt=\"\" title=\"IMG_0356\" srcset=\"https:\/\/www.fjce.fi\/wp-content\/uploads\/2016\/06\/IMG_0356-e1467395601515.jpg 1100w, https:\/\/www.fjce.fi\/wp-content\/uploads\/2016\/06\/IMG_0356-e1467395601515-300x115.jpg 300w, https:\/\/www.fjce.fi\/wp-content\/uploads\/2016\/06\/IMG_0356-e1467395601515-768x293.jpg 768w, https:\/\/www.fjce.fi\/wp-content\/uploads\/2016\/06\/IMG_0356-e1467395601515-1024x391.jpg 1024w, https:\/\/www.fjce.fi\/wp-content\/uploads\/2016\/06\/IMG_0356-e1467395601515-700x267.jpg 700w\" sizes=\"(max-width: 1100px) 100vw, 1100px\" \/><\/div>\n\t\t<\/div>\n\t<\/div>\n<\/div><\/div><\/div><\/div><\/div><div      class=\"vc_row wpb_row section vc_row-fluid\" style=' text-align:left;'><div class=\"full_section_inner clearfix\"><div class=\"wpb_column vc_column_container vc_col-sm-12\"><div class=\"vc_column-inner\"><div class=\"wpb_wrapper\"><div class=\"separator  transparent\" style=\"\"><\/div>\n<\/div><\/div><\/div><\/div><\/div><div      class=\"vc_row wpb_row section vc_row-fluid\" style=' text-align:left;'><div class=\"full_section_inner clearfix\"><div class=\"wpb_column vc_column_container vc_col-sm-10\"><div class=\"vc_column-inner\"><div class=\"wpb_wrapper\">\n\t<div class=\"wpb_text_column wpb_content_element\">\n\t\t<div class=\"wpb_wrapper\">\n\t\t\t<p><strong>\u30d7\u30ed\u30b8\u30a7\u30af\u30c8\u306b\u95a2\u3059\u308b\u60c5\u5831<\/strong><\/p>\n<p>&nbsp;<\/p>\n<p>FJCE (Finland Japan Culture and Education ry) toteuttaa yhdess\u00e4 Alaj\u00e4rven kaupungin sivistystoimen kanssa oppilasvaihdon ja opetuksen kehitt\u00e4mishanketta Japaniin. T\u00e4ss\u00e4 kansainv\u00e4lisess\u00e4 hankkeessa kehitet\u00e4\u00e4n hankkeen osapuolien kanssa vakiintuva yhteisty\u00f6j\u00e4rjestelm\u00e4. T\u00e4m\u00e4 sis\u00e4lt\u00e4\u00e4 prosessit toimivan ja luotettavan vaihto-yhteisty\u00f6n saavuttamiseksi, opetuksen pedagogisen tieto- ja viestint\u00e4tekniikan (TVT):n kansainv\u00e4lisen k\u00e4yt\u00f6n edist\u00e4misen, oppilaiden kansainv\u00e4lisen verkostoitumisen vahvistamisen, erilaisen kulttuurin ja siihen liittyvien toimintatapojen tutustumisen, sek\u00e4 samalla hy\u00f6dynnet\u00e4\u00e4n kielitaidon monipuolistamista. Hanketta rahoittaa Opetushallitus.<\/p>\n\n\t\t<\/div> \n\t<\/div> <\/div><\/div><\/div><div class=\"wpb_column vc_column_container vc_col-sm-2\"><div class=\"vc_column-inner\"><div class=\"wpb_wrapper\">\n\t<div class=\"wpb_single_image wpb_content_element vc_align_right\">\n\t\t<div class=\"wpb_wrapper\">\n\t\t\t\n\t\t\t<div class=\"vc_single_image-wrapper   vc_box_border_grey\"><img loading=\"lazy\" decoding=\"async\" width=\"100\" height=\"105\" src=\"https:\/\/www.fjce.fi\/wp-content\/uploads\/2013\/10\/oph_hankelogo.jpg\" class=\"vc_single_image-img attachment-full\" alt=\"\" title=\"Print\" \/><\/div>\n\t\t<\/div>\n\t<\/div>\n<\/div><\/div><\/div><\/div><\/div><div      class=\"vc_row wpb_row section vc_row-fluid\" style=' text-align:left;'><div class=\"full_section_inner clearfix\"><div class=\"wpb_column vc_column_container vc_col-sm-12\"><div class=\"vc_column-inner\"><div class=\"wpb_wrapper\"><div class=\"separator  transparent\" style=\"\"><\/div>\n<\/div><\/div><\/div><\/div><\/div><div      class=\"vc_row wpb_row section vc_row-fluid\" style=' text-align:left;'><div class=\"full_section_inner clearfix\"><div class=\"wpb_column vc_column_container vc_col-sm-12\"><div class=\"vc_column-inner\"><div class=\"wpb_wrapper\">\n\t<div class=\"wpb_text_column wpb_content_element\">\n\t\t<div class=\"wpb_wrapper\">\n\t\t\t<p><strong>Hankkeessa mukana olevat suomalaiset koulut ja yhteisty\u00f6parit Japanissa<\/strong><\/p>\n<p>&nbsp;<\/p>\n<ul>\n<li>\u30a2\u30e9\u30e4\u30eb\u30f4\u30a3\u9ad8\u7b49\u5b66\u6821\u3068\u30f4\u30a3\u30f3\u30da\u30ea\u9ad8\u7b49\u5b66\u6821\/\u6771\u4eac\u5b66\u6821\u6cd5\u4eba\u81ea\u7531\u5b66\u5712<\/li>\n<li>\u30c8\u30a5\u30eb\u30af\u30fb\u30eb\u30aa\u30b9\u30bf\u30ea\u30f4\u30a5\u30aa\u30ea\u9ad8\u7b49\u5b66\u6821\/\u6a2a\u6d5c\u6176\u61c9\u7fa9\u6b66\u9ad8\u7b49\u5b66\u6821\u3001<\/li>\n<li>\u30ab\u30f3\u30ac\u30b9\u30a2\u30e9\u30d4\u30c3\u30b3\u30e9\u4e2d\u5b66\u6821\/\u5317\u6d77\u9053\u6771\u5ddd\u4e2d\u5b66\u6821<\/li>\n<\/ul>\n\n\t\t<\/div> \n\t<\/div> <\/div><\/div><\/div><\/div><\/div><div      class=\"vc_row wpb_row section vc_row-fluid\" style=' text-align:left;'><div class=\"full_section_inner clearfix\"><div class=\"wpb_column vc_column_container vc_col-sm-12\"><div class=\"vc_column-inner\"><div class=\"wpb_wrapper\"><div class=\"separator  transparent\" style=\"\"><\/div>\n<\/div><\/div><\/div><\/div><\/div><div      class=\"vc_row wpb_row section vc_row-fluid\" style=' text-align:left;'><div class=\"full_section_inner clearfix\"><div class=\"wpb_column vc_column_container vc_col-sm-12\"><div class=\"vc_column-inner\"><div class=\"wpb_wrapper\"><div class=\"separator  transparent\" style=\"\"><\/div>\n<\/div><\/div><\/div><\/div><\/div><div      class=\"vc_row wpb_row section vc_row-fluid\" style=' text-align:left;'><div class=\"full_section_inner clearfix\"><div class=\"wpb_column vc_column_container vc_col-sm-6\"><div class=\"vc_column-inner\"><div class=\"wpb_wrapper\">\n\t<div class=\"wpb_text_column wpb_content_element\">\n\t\t<div class=\"wpb_wrapper\">\n\t\t\t<p><strong>Hankkeen tavoitteet ja tulokset<\/strong><\/p>\n<p>&nbsp;<\/p>\n<ul>\n<li>Yl\u00e4asteen ja lukion oppilaille suunnattujen Japanin vaihto-ohjelmien prosessit, niiden kuvaukset, levitt\u00e4minen ja k\u00e4yt\u00e4nn\u00f6n konkreettinen toteuttaminen. Opettajien ja virkamiesten vaihto-ohjelmien prosessikuvaukset.<\/li>\n<\/ul>\n<p>&nbsp;<\/p>\n<ul>\n<li>Yl\u00e4asteella ja lukiossa opetuksen pedagogisen TVT:n k\u00e4yt\u00f6n edist\u00e4minen laatimalla koulukohtainen TVT-toiminnan kv-strategia ja sen k\u00e4ytt\u00f6\u00f6notto-suunnitelma. Japanin koulujen TVT- valmiuksien selvitt\u00e4minen. Pedagogisen TVT-yhteisty\u00f6n k\u00e4yt\u00e4nn\u00f6n toteuttaminen.<\/li>\n<\/ul>\n\n\t\t<\/div> \n\t<\/div> <\/div><\/div><\/div><div class=\"wpb_column vc_column_container vc_col-sm-6\"><div class=\"vc_column-inner\"><div class=\"wpb_wrapper\"><div class=\"separator  transparent\" style=\"\"><\/div>\n\n\t<div class=\"wpb_text_column wpb_content_element\">\n\t\t<div class=\"wpb_wrapper\">\n\t\t\t<p>&nbsp;<\/p>\n<ul>\n<li>Opetussuunnitelmaan sis\u00e4llytett\u00e4v\u00e4t kansainv\u00e4lisyyden elementit. Yhteisty\u00f6ss\u00e4 k\u00e4ytett\u00e4vien opetusmenetelmien, opetusv\u00e4lineiden ja opetuksen sis\u00e4ll\u00f6n selvitt\u00e4minen.<\/li>\n<\/ul>\n<p>&nbsp;<\/p>\n<ul>\n<li>Hankkeessa syntyvien ei-eurooppalaisten kansainv\u00e4listymisprosessien kuvausten sek\u00e4 hyvien k\u00e4yt\u00e4nteiden levitt\u00e4minen muihin suomalaisiin kouluihin. Suomalaisten ja japanilaisten koulujen yhteisty\u00f6verkosto, jota k\u00e4ytet\u00e4\u00e4n esimerkkin\u00e4 muille molempien maiden kouluille. Oppilaiden ja opettajien vaihtoyhteisty\u00f6verkoston syntyminen, johon halutessaan voi liitty\u00e4 mik\u00e4 tahansa kansainv\u00e4listymiskriteerit omaava koulu.<\/li>\n<\/ul>\n\n\t\t<\/div> \n\t<\/div> <\/div><\/div><\/div><\/div><\/div><div      class=\"vc_row wpb_row section vc_row-fluid\" style=' text-align:left;'><div class=\"full_section_inner clearfix\"><div class=\"wpb_column vc_column_container vc_col-sm-12\"><div class=\"vc_column-inner\"><div class=\"wpb_wrapper\"><div class=\"separator  transparent\" style=\"\"><\/div>\n<\/div><\/div><\/div><\/div><\/div><div      class=\"vc_row wpb_row section vc_row-fluid\" style=' text-align:left;'><div class=\"full_section_inner clearfix\"><div class=\"wpb_column vc_column_container vc_col-sm-12\"><div class=\"vc_column-inner\"><div class=\"wpb_wrapper\">\n\t<div class=\"wpb_single_image wpb_content_element vc_align_left\">\n\t\t<div class=\"wpb_wrapper\">\n\t\t\t\n\t\t\t<div class=\"vc_single_image-wrapper   vc_box_border_grey\"><img loading=\"lazy\" decoding=\"async\" width=\"1100\" height=\"420\" src=\"https:\/\/www.fjce.fi\/wp-content\/uploads\/2016\/07\/DSCN2775.jpg\" class=\"vc_single_image-img attachment-full\" alt=\"Jiyu Gakuen, FJCE\" title=\"Jiyu Gakuen, FJCE\" srcset=\"https:\/\/www.fjce.fi\/wp-content\/uploads\/2016\/07\/DSCN2775.jpg 1100w, https:\/\/www.fjce.fi\/wp-content\/uploads\/2016\/07\/DSCN2775-300x115.jpg 300w, https:\/\/www.fjce.fi\/wp-content\/uploads\/2016\/07\/DSCN2775-768x293.jpg 768w, https:\/\/www.fjce.fi\/wp-content\/uploads\/2016\/07\/DSCN2775-1024x391.jpg 1024w, https:\/\/www.fjce.fi\/wp-content\/uploads\/2016\/07\/DSCN2775-700x267.jpg 700w\" sizes=\"(max-width: 1100px) 100vw, 1100px\" \/><\/div>\n\t\t<\/div>\n\t<\/div>\n<\/div><\/div><\/div><\/div><\/div><div      class=\"vc_row wpb_row section vc_row-fluid\" style=' text-align:left;'><div class=\"full_section_inner clearfix\"><div class=\"wpb_column vc_column_container vc_col-sm-12\"><div class=\"vc_column-inner\"><div class=\"wpb_wrapper\">\n\t<div class=\"wpb_text_column wpb_content_element\">\n\t\t<div class=\"wpb_wrapper\">\n\t\t\t<p style=\"text-align: right;\">Jiyu Gakuen, Tokyo<\/p>\n\n\t\t<\/div> \n\t<\/div> <\/div><\/div><\/div><\/div><\/div><div      class=\"vc_row wpb_row section vc_row-fluid\" style=' text-align:left;'><div class=\"full_section_inner clearfix\"><div class=\"wpb_column vc_column_container vc_col-sm-12\"><div class=\"vc_column-inner\"><div class=\"wpb_wrapper\"><div class=\"separator  transparent\" style=\"\"><\/div>\n<\/div><\/div><\/div><\/div><\/div><div      class=\"vc_row wpb_row section vc_row-fluid\" style=' text-align:left;'><div class=\"full_section_inner clearfix\"><div class=\"wpb_column vc_column_container vc_col-sm-12\"><div class=\"vc_column-inner\"><div class=\"wpb_wrapper\">\n\t<div class=\"wpb_text_column wpb_content_element\">\n\t\t<div class=\"wpb_wrapper\">\n\t\t\t<p><strong><br \/>\nHankkeen edistyminen<\/strong><\/p>\n<p>&nbsp;<\/p>\n<p>Hanke on edistynyt eritt\u00e4in hyvin ja aikataulun mukaisesti. Ensimm\u00e4iset konkreettiset tulokset koulujen vaihto-yhteisty\u00f6st\u00e4 on jo saatu. Kaikki hankkeeseen osallistuvat koulut toteuttavat oppilasvaihtoa jo vuoden 2016 aikana. Alaj\u00e4rven ja Vimpelin lukiot saavat kolme vaihto-oppilasta Japanista Jiyu Gakuenista ajalle 25.3. \u2013 6.4.2016. Alaj\u00e4rven ja Vimpelin lukiot l\u00e4hett\u00e4v\u00e4t vastaavasti yhteens\u00e4 kolme opiskelijaa Japaniin Jiyu Gakueniin kes\u00e4kuussa 2016 ajalle 19.6 \u2013 2.7.2016. Alaj\u00e4rven ja Vimpelin lukion ty\u00f6ryhm\u00e4 on tehnyt valinnat l\u00e4hetett\u00e4vist\u00e4 opiskelijoista. Alaj\u00e4rven ja Vimpelin lukiot yhdess\u00e4 J\u00e4rvi-Pohjanmaan sivistyspalvelun kanssa on l\u00e4hestynyt alueella toimivia yrityksi\u00e4 ja yhteis\u00f6j\u00e4 pyyt\u00e4en taloudellista tukea opiskelijoiden matkakulujen kattamiseksi. Hankkeelle on perustettu stipendirahasto, jonka kautta tuetaan Alaj\u00e4rven ja Vimpelin lukioiden vaihtoon l\u00e4htevien opiskelijoiden matkakuluja. Japanilainen yhteisty\u00f6kumppani huolehtii omista kustannuksistaan.<\/p>\n<p>&nbsp;<\/p>\n<p><strong>Silta Japaniin seminaari Alaj\u00e4rven lukiolla 28.3.2017<\/strong><\/p>\n<p><a href=\"http:\/\/www.fjce.fi\/ja\/2017\/03\/14\/silta-japaniin-seminaari\/\">Lis\u00e4tietoja ja seminaarin ohjelma<\/a><\/p>\n<p>&nbsp;<\/p>\n<p><strong>Hankkeen koordinointi ja johtoryhm\u00e4<\/strong><\/p>\n<p>&nbsp;<\/p>\n<p>Alaj\u00e4rven kaupungin sivistystoimenjohtaja Esa Kaunisto<br \/>\nAlaj\u00e4rven ja Vimpelin lukion rehtori Marko Timo<br \/>\nAlaj\u00e4rven lukion opettaja Janne Visto<br \/>\nVimpelin lukion opettaja Juha-Pekka Anttila<br \/>\nFJCE toiminnanjohtaja (Projektikoordinaattori) Juho-Pekka M\u00e4kip\u00e4\u00e4<br \/>\nFJCE hallituksen puheenjohtaja (Asiantuntija) Heikki M\u00e4kip\u00e4\u00e4<\/p>\n\n\t\t<\/div> \n\t<\/div> <\/div><\/div><\/div><\/div><\/div><div      class=\"vc_row wpb_row section vc_row-fluid\" style=' text-align:left;'><div class=\"full_section_inner clearfix\"><div class=\"wpb_column vc_column_container vc_col-sm-12\"><div class=\"vc_column-inner\"><div class=\"wpb_wrapper\"><div class=\"separator  transparent\" style=\"\"><\/div>\n<\/div><\/div><\/div><\/div><\/div><div      class=\"vc_row wpb_row section vc_row-fluid\" style=' text-align:left;'><div class=\"full_section_inner clearfix\"><div class=\"wpb_column vc_column_container vc_col-sm-12\"><div class=\"vc_column-inner\"><div class=\"wpb_wrapper\"><div class=\"separator  transparent\" style=\"\"><\/div>\n<\/div><\/div><\/div><\/div><\/div><div      class=\"vc_row wpb_row section vc_row-fluid\" style=' text-align:left;'><div class=\"full_section_inner clearfix\"><div class=\"wpb_column vc_column_container vc_col-sm-12\"><div class=\"vc_column-inner\"><div class=\"wpb_wrapper\"><div class=\"separator  transparent\" style=\"\"><\/div>\n\n\t<div class=\"wpb_text_column wpb_content_element\">\n\t\t<div class=\"wpb_wrapper\">\n\t\t\t<h3 style=\"text-align: center;\"><span style=\"text-decoration: underline;\">JAPANILAISEN KOULUN KANSSA LUOTAVAN VAIHTO-YHTEISTY\u00d6N PROSESSI<\/span><\/h3>\n\n\t\t<\/div> \n\t<\/div> <\/div><\/div><\/div><\/div><\/div><div      class=\"vc_row wpb_row section vc_row-fluid\" style=' text-align:left;'><div class=\"full_section_inner clearfix\"><div class=\"wpb_column vc_column_container vc_col-sm-12\"><div class=\"vc_column-inner\"><div class=\"wpb_wrapper\"><div class=\"separator  transparent\" style=\"height: 50px;\"><\/div>\n<\/div><\/div><\/div><\/div><\/div><div      class=\"vc_row wpb_row section vc_row-fluid\" style=' text-align:left;'><div class=\"full_section_inner clearfix\"><div class=\"wpb_column vc_column_container vc_col-sm-12\"><div class=\"vc_column-inner\"><div class=\"wpb_wrapper\"><div class=\"separator  transparent\" style=\"\"><\/div>\n<ul class=\"q_circles_holder five_columns no_line\" style=\"color: ;\"><li class=\"q_circle_outer\"><a href=\"http:\/\/www.fjce.fi\/ja\/siltajapaniin\/1-kartoitus\/\" target=\"_self\"><span class=\"q_circle_inner\"><span class=\"q_circle_inner2\" style=\"\"><i class=\"fa fa-user fa-3x\" style=\"\"><\/i><\/span><\/span><\/a><div class=\"q_circle_text_holder\"><h3 class=\"q_circle_title\" style=\"\">1. Kartoitus<\/h3><\/div><\/li><li class=\"q_circle_outer\"><a href=\"http:\/\/www.fjce.fi\/ja\/2-yhteistyokumppanin-etsinta\/\" target=\"_self\"><span class=\"q_circle_inner\"><span class=\"q_circle_inner2\" style=\"\"><i class=\"fa fa-search fa-3x\" style=\"\"><\/i><\/span><\/span><\/a><div class=\"q_circle_text_holder\"><h3 class=\"q_circle_title\" style=\"\">2. Yhteisty\u00f6-kumppanin etsint\u00e4<\/h3><\/div><\/li><li class=\"q_circle_outer\"><a href=\"http:\/\/www.fjce.fi\/ja\/siltajapaniin\/3-suunnittelu\/\" target=\"_self\"><span class=\"q_circle_inner\"><span class=\"q_circle_inner2\" style=\"\"><i class=\"fa fa-list fa-3x\" style=\"\"><\/i><\/span><\/span><\/a><div class=\"q_circle_text_holder\"><h3 class=\"q_circle_title\" style=\"\">3. Suunnittelu<\/h3><\/div><\/li><li class=\"q_circle_outer\"><a href=\"http:\/\/www.fjce.fi\/ja\/siltajapaniin\/4-hallinnon-vierailu\/\" target=\"_self\"><span class=\"q_circle_inner\"><span class=\"q_circle_inner2\" style=\"\"><i class=\"fa fa-plane fa-3x\" style=\"\"><\/i><\/span><\/span><\/a><div class=\"q_circle_text_holder\"><h3 class=\"q_circle_title\" style=\"\">4. Hallinnon vierailu<\/h3><\/div><\/li><li class=\"q_circle_outer\"><a href=\"https:\/\/www.fjce.fi\/ja\/siltajapaniin\/5-ensimmainen-vaihto\/\" target=\"_self\"><span class=\"q_circle_inner\"><span class=\"q_circle_inner2\" style=\"\"><i class=\"fa fa-refresh fa-3x\" style=\"\"><\/i><\/span><\/span><\/a><div class=\"q_circle_text_holder\"><h3 class=\"q_circle_title\" style=\"\">5. Ensimm\u00e4inen vaihto<\/h3><\/div><\/li><\/ul><\/div><\/div><\/div><\/div><\/div><div      class=\"vc_row wpb_row section vc_row-fluid\" style=' text-align:left;'><div class=\"full_section_inner clearfix\"><div class=\"wpb_column vc_column_container vc_col-sm-12\"><div class=\"vc_column-inner\"><div class=\"wpb_wrapper\"><div class=\"separator  transparent\" style=\"height: 50px;\"><\/div>\n<\/div><\/div><\/div><\/div><\/div><div      class=\"vc_row wpb_row section vc_row-fluid\" style=' text-align:left;'><div class=\"full_section_inner clearfix\"><div class=\"wpb_column vc_column_container vc_col-sm-12\"><div class=\"vc_column-inner\"><div class=\"wpb_wrapper\"><div class=\"call_to_action  with_background_image\" style=\"background-image: url(https:\/\/www.fjce.fi\/wp-content\/uploads\/2016\/06\/Dia1-2.png);\"><div class=\"container_inner\"><div class=\"two_columns_75_25 clearfix\"><div class=\"text_wrapper column1\"><div class=\"call_to_action_text\" style=\"\"><strong>Alaj\u00e4rven ja Vimpelin lukion oppilaiden Japani-stipendirahasto<\/strong><\/div><\/div><div class=\"button_wrapper column2\"><a href=\"http:\/\/www.fjce.fi\/ja\/siltajapaniin\/silta-japaniin-stipendi-rahasto\/\" class=\"qbutton white\" target=\"\" style=\"\">Katso lis\u00e4\u00e4<\/a><\/div><\/div><\/div><\/div><\/div><\/div><\/div><\/div><\/div><div      class=\"vc_row wpb_row section vc_row-fluid\" style=' text-align:left;'><div class=\"full_section_inner clearfix\"><div class=\"wpb_column vc_column_container vc_col-sm-12\"><div class=\"vc_column-inner\"><div class=\"wpb_wrapper\"><div class=\"separator  transparent\" style=\"height: 50px;\"><\/div>\n<\/div><\/div><\/div><\/div><\/div><div      class=\"vc_row wpb_row section vc_row-fluid\" style=' text-align:left;'><div class=\"full_section_inner clearfix\"><div class=\"wpb_column vc_column_container vc_col-sm-12\"><div class=\"vc_column-inner\"><div class=\"wpb_wrapper\">\n\t<div class=\"wpb_text_column wpb_content_element\">\n\t\t<div class=\"wpb_wrapper\">\n\t\t\t<p style=\"text-align: center;\">Lis\u00e4tietoja hankkeesta ja stipendirahastosta antaa\u00a0Projektikoordinaattori Juho-Pekka M\u00e4kip\u00e4\u00e4.<br \/>\nVoit my\u00f6s tilata s\u00e4hk\u00f6postilla stipendirahaston esitteen.<\/p>\n<p style=\"text-align: center;\">Projektikoordinaattori Juho-Pekka M\u00e4kip\u00e4\u00e4,\u00a0044-2704912,\u00a0juho-pekka.makipaa(at)fjce.fi<\/p>\n\n\t\t<\/div> \n\t<\/div> <\/div><\/div><\/div><\/div><\/div><div      class=\"vc_row wpb_row section vc_row-fluid\" style=' text-align:left;'><div class=\"full_section_inner clearfix\"><div class=\"wpb_column vc_column_container vc_col-sm-12\"><div class=\"vc_column-inner\"><div class=\"wpb_wrapper\"><div class=\"separator  transparent\" style=\"height: 50px;\"><\/div>\n<\/div><\/div><\/div><\/div><\/div>\n<\/div>","protected":false},"excerpt":{"rendered":"Tietoa hankkeesta &nbsp; FJCE (Finland Japan Culture and Education ry) toteuttaa yhdess\u00e4 Alaj\u00e4rven kaupungin sivistystoimen kanssa oppilasvaihdon ja opetuksen kehitt\u00e4mishanketta Japaniin. T\u00e4ss\u00e4 kansainv\u00e4lisess\u00e4 hankkeessa kehitet\u00e4\u00e4n hankkeen osapuolien kanssa vakiintuva yhteisty\u00f6j\u00e4rjestelm\u00e4. T\u00e4m\u00e4 sis\u00e4lt\u00e4\u00e4 prosessit toimivan ja luotettavan vaihto-yhteisty\u00f6n saavuttamiseksi, opetuksen pedagogisen tieto- ja viestint\u00e4tekniikan (TVT):n kansainv\u00e4lisen...","protected":false},"author":1,"featured_media":0,"parent":0,"menu_order":0,"comment_status":"closed","ping_status":"closed","template":"","meta":{"footnotes":""},"_links":{"self":[{"href":"https:\/\/www.fjce.fi\/ja\/wp-json\/wp\/v2\/pages\/16425"}],"collection":[{"href":"https:\/\/www.fjce.fi\/ja\/wp-json\/wp\/v2\/pages"}],"about":[{"href":"https:\/\/www.fjce.fi\/ja\/wp-json\/wp\/v2\/types\/page"}],"author":[{"embeddable":true,"href":"https:\/\/www.fjce.fi\/ja\/wp-json\/wp\/v2\/users\/1"}],"replies":[{"embeddable":true,"href":"https:\/\/www.fjce.fi\/ja\/wp-json\/wp\/v2\/comments?post=16425"}],"version-history":[{"count":82,"href":"https:\/\/www.fjce.fi\/ja\/wp-json\/wp\/v2\/pages\/16425\/revisions"}],"predecessor-version":[{"id":16770,"href":"https:\/\/www.fjce.fi\/ja\/wp-json\/wp\/v2\/pages\/16425\/revisions\/16770"}],"wp:attachment":[{"href":"https:\/\/www.fjce.fi\/ja\/wp-json\/wp\/v2\/media?parent=16425"}],"curies":[{"name":"wp","href":"https:\/\/api.w.org\/{rel}","templated":true}]}}