{"id":16484,"date":"2016-06-26T18:31:09","date_gmt":"2016-06-26T15:31:09","guid":{"rendered":"http:\/\/www.fjce.fi\/?page_id=16484"},"modified":"2016-08-21T21:22:49","modified_gmt":"2016-08-21T18:22:49","slug":"5-ensimmainen-vaihto","status":"publish","type":"page","link":"https:\/\/www.fjce.fi\/ja\/siltajapaniin\/5-ensimmainen-vaihto\/","title":{"rendered":"5. Ensimm\u00e4inen vaihto"},"content":{"rendered":"<div class=\"wpb-content-wrapper\"><div      class=\"vc_row wpb_row section vc_row-fluid\" style=' text-align:left;'><div class=\"full_section_inner clearfix\"><div class=\"wpb_column vc_column_container vc_col-sm-12\"><div class=\"vc_column-inner\"><div class=\"wpb_wrapper\">\n\t<div class=\"wpb_text_column wpb_content_element\">\n\t\t<div class=\"wpb_wrapper\">\n\t\t\t<p>Ensimm\u00e4isen vaihdon j\u00e4rjestelyt<\/p>\n<ol>\n<li>Vierailu<\/li>\n<li>Vastaanotto<\/li>\n<\/ol>\n\n\t\t<\/div> \n\t<\/div> <\/div><\/div><\/div><\/div><\/div><div      class=\"vc_row wpb_row section vc_row-fluid\" style=' text-align:left;'><div class=\"full_section_inner clearfix\"><div class=\"wpb_column vc_column_container vc_col-sm-12\"><div class=\"vc_column-inner\"><div class=\"wpb_wrapper\"><div class=\"separator  transparent\" style=\"\"><\/div>\n<ul class=\"q_circles_holder five_columns no_line\" style=\"color: ;\"><li class=\"q_circle_outer\"><a href=\"http:\/\/www.fjce.fi\/ja\/siltajapaniin\/1-kartoitus\/\" target=\"_self\"><span class=\"q_circle_inner\"><span class=\"q_circle_inner2\" style=\"\"><i class=\"fa fa-user fa-3x\" style=\"\"><\/i><\/span><\/span><\/a><div class=\"q_circle_text_holder\"><h3 class=\"q_circle_title\" style=\"\">1. Kartoitus<\/h3><\/div><\/li><li class=\"q_circle_outer\"><a href=\"http:\/\/www.fjce.fi\/ja\/2-yhteistyokumppanin-etsinta\/\" target=\"_self\"><span class=\"q_circle_inner\"><span class=\"q_circle_inner2\" style=\"\"><i class=\"fa fa-search fa-3x\" style=\"\"><\/i><\/span><\/span><\/a><div class=\"q_circle_text_holder\"><h3 class=\"q_circle_title\" style=\"\">2. Yhteisty\u00f6-kumppanin etsint\u00e4<\/h3><\/div><\/li><li class=\"q_circle_outer\"><a href=\"http:\/\/www.fjce.fi\/ja\/siltajapaniin\/3-suunnittelu\/\" target=\"_self\"><span class=\"q_circle_inner\"><span class=\"q_circle_inner2\" style=\"\"><i class=\"fa fa-list fa-3x\" style=\"\"><\/i><\/span><\/span><\/a><div class=\"q_circle_text_holder\"><h3 class=\"q_circle_title\" style=\"\">3. Suunnittelu<\/h3><\/div><\/li><li class=\"q_circle_outer\"><a href=\"http:\/\/www.fjce.fi\/ja\/siltajapaniin\/4-hallinnon-vierailu\/\" target=\"_self\"><span class=\"q_circle_inner\"><span class=\"q_circle_inner2\" style=\"\"><i class=\"fa fa-plane fa-3x\" style=\"\"><\/i><\/span><\/span><\/a><div class=\"q_circle_text_holder\"><h3 class=\"q_circle_title\" style=\"\">4. Hallinnon vierailu<\/h3><\/div><\/li><li class=\"q_circle_outer\"><a href=\"https:\/\/www.fjce.fi\/ja\/siltajapaniin\/5-ensimmainen-vaihto\/\" target=\"_self\"><span class=\"q_circle_inner\"><span class=\"q_circle_inner2\" style=\"background-color: #91b2c4;\"><i class=\"fa fa-refresh fa-3x\" style=\"color: #ffffff\"><\/i><\/span><\/span><\/a><div class=\"q_circle_text_holder\"><h3 class=\"q_circle_title\" style=\"\">5. Ensimm\u00e4inen vaihto<\/h3><\/div><\/li><\/ul><\/div><\/div><\/div><\/div><\/div><div      class=\"vc_row wpb_row section vc_row-fluid\" style=' text-align:left;'><div class=\"full_section_inner clearfix\"><div class=\"wpb_column vc_column_container vc_col-sm-12\"><div class=\"vc_column-inner\"><div class=\"wpb_wrapper\"><div class=\"separator  transparent\" style=\"\"><\/div>\n<\/div><\/div><\/div><\/div><\/div><div      class=\"vc_row wpb_row section vc_row-fluid\" style=' text-align:left;'><div class=\"full_section_inner clearfix\"><div class=\"wpb_column vc_column_container vc_col-sm-4\"><div class=\"vc_column-inner\"><div class=\"wpb_wrapper\"><a  href=\"https:\/\/www.fjce.fi\/ja\/siltajapaniin\/\" target=\"_self\"  class=\"qbutton  default\" style=\"\">Silta Japaniin -hanke<i class=\"fa fa-arrow-left\" style=\"\"><\/i><\/a><\/div><\/div><\/div><div class=\"wpb_column vc_column_container vc_col-sm-4\"><div class=\"vc_column-inner\"><div class=\"wpb_wrapper\"><a  href=\"http:\/\/www.fjce.fi\/ja\/siltajapaniin\/4-hallinnon-vierailu\/\" target=\"_self\"  class=\"qbutton  default\" style=\"\">Takaisin<i class=\"fa fa-arrow-left\" style=\"\"><\/i><\/a><\/div><\/div><\/div><\/div><\/div><div      class=\"vc_row wpb_row section vc_row-fluid\" style=' text-align:left;'><div class=\"full_section_inner clearfix\"><div class=\"wpb_column vc_column_container vc_col-sm-12\"><div class=\"vc_column-inner\"><div class=\"wpb_wrapper\"><div class=\"separator  transparent\" style=\"\"><\/div>\n<\/div><\/div><\/div><\/div><\/div>\n<\/div>","protected":false},"excerpt":{"rendered":"Ensimm\u00e4isen vaihdon j\u00e4rjestelyt Vierailu Vastaanotto 1. Kartoitus2. Yhteisty\u00f6-kumppanin etsint\u00e43. Suunnittelu4. Hallinnon vierailu5. Ensimm\u00e4inen vaihto Silta Japaniin -hankeTakaisin","protected":false},"author":1,"featured_media":0,"parent":16425,"menu_order":5,"comment_status":"closed","ping_status":"closed","template":"","meta":{"footnotes":""},"_links":{"self":[{"href":"https:\/\/www.fjce.fi\/ja\/wp-json\/wp\/v2\/pages\/16484"}],"collection":[{"href":"https:\/\/www.fjce.fi\/ja\/wp-json\/wp\/v2\/pages"}],"about":[{"href":"https:\/\/www.fjce.fi\/ja\/wp-json\/wp\/v2\/types\/page"}],"author":[{"embeddable":true,"href":"https:\/\/www.fjce.fi\/ja\/wp-json\/wp\/v2\/users\/1"}],"replies":[{"embeddable":true,"href":"https:\/\/www.fjce.fi\/ja\/wp-json\/wp\/v2\/comments?post=16484"}],"version-history":[{"count":7,"href":"https:\/\/www.fjce.fi\/ja\/wp-json\/wp\/v2\/pages\/16484\/revisions"}],"predecessor-version":[{"id":16497,"href":"https:\/\/www.fjce.fi\/ja\/wp-json\/wp\/v2\/pages\/16484\/revisions\/16497"}],"up":[{"embeddable":true,"href":"https:\/\/www.fjce.fi\/ja\/wp-json\/wp\/v2\/pages\/16425"}],"wp:attachment":[{"href":"https:\/\/www.fjce.fi\/ja\/wp-json\/wp\/v2\/media?parent=16484"}],"curies":[{"name":"wp","href":"https:\/\/api.w.org\/{rel}","templated":true}]}}